{"id":2899,"date":"2015-06-19T12:40:03","date_gmt":"2015-06-19T15:40:03","guid":{"rendered":"https:\/\/www.camaracg.pb.gov.br\/transparencia\/?page_id=2899"},"modified":"2026-01-13T18:51:34","modified_gmt":"2026-01-13T21:51:34","slug":"p_licitacoes","status":"publish","type":"page","link":"https:\/\/www.camaracg.pb.gov.br\/transparencia\/p_licitacoes\/","title":{"rendered":"Licita\u00e7\u00f5es"},"content":{"rendered":"<p><a href=\"https:\/\/www.camaracg.pb.gov.br\/transparencia\/p_licitacoes2026\" target=\"_blank\" rel=\"noopener noreferrer\"><img loading=\"lazy\" decoding=\"async\" class=\" size-full wp-image-419 aligncenter\" src=\"https:\/\/www.camaracg.pb.gov.br\/transparencia\/wp-content\/uploads\/2026\/01\/2026lic.png\" alt=\"licitacoes2023\" width=\"500\" height=\"100\" \/><\/a><\/p>\n<p><a href=\"https:\/\/www.camaracg.pb.gov.br\/transparencia\/p_licitacoes2025\" target=\"_blank\" rel=\"noopener noreferrer\"><img loading=\"lazy\" decoding=\"async\" class=\" size-full wp-image-419 aligncenter\" src=\"https:\/\/www.camaracg.pb.gov.br\/transparencia\/wp-content\/uploads\/2025\/02\/2025lic.png\" alt=\"licitacoes2023\" width=\"500\" height=\"100\" \/><\/a><\/p>\n<p><a href=\"https:\/\/www.camaracg.pb.gov.br\/transparencia\/p_licitacoes-2024\" target=\"_blank\" rel=\"noopener noreferrer\"><img loading=\"lazy\" decoding=\"async\" class=\" size-full wp-image-419 aligncenter\" src=\"https:\/\/www.camaracg.pb.gov.br\/transparencia\/wp-content\/uploads\/2024\/04\/2024lic.png\" alt=\"licitacoes2023\" width=\"500\" height=\"100\" \/><\/a><\/p>\n<p><a href=\"https:\/\/www.camaracg.pb.gov.br\/transparencia\/p_licitacoes-2023\" target=\"_blank\" rel=\"noopener noreferrer\"><img loading=\"lazy\" decoding=\"async\" class=\" size-full wp-image-419 aligncenter\" src=\"https:\/\/www.camaracg.pb.gov.br\/transparencia\/wp-content\/uploads\/2023\/10\/2023lic.png\" alt=\"licitacoes2023\" width=\"500\" height=\"100\" \/><\/a><\/p>\n<p><a href=\"https:\/\/www.camaracg.pb.gov.br\/transparencia\/licitacoes-2022\" target=\"_blank\" rel=\"noopener noreferrer\"><img loading=\"lazy\" decoding=\"async\" class=\" size-full wp-image-419 aligncenter\" src=\"https:\/\/www.camaracg.pb.gov.br\/transparencia\/wp-content\/uploads\/2023\/10\/2022lic.png\" alt=\"licitacoes2022\" width=\"500\" height=\"100\" \/><\/a><\/p>\n<p><a href=\"https:\/\/www.camaracg.pb.gov.br\/transparencia\/licitacoes-2021\" target=\"_blank\" rel=\"noopener noreferrer\"><img loading=\"lazy\" decoding=\"async\" class=\" size-full wp-image-419 aligncenter\" src=\"https:\/\/www.camaracg.pb.gov.br\/transparencia\/wp-content\/uploads\/2023\/10\/2021lic.png\" alt=\"licitacoes2021\" width=\"500\" height=\"100\" \/><\/a><\/p>\n<p><a href=\"https:\/\/www.camaracg.pb.gov.br\/transparencia\/licitacoes-2020\" target=\"_blank\" rel=\"noopener noreferrer\"><img loading=\"lazy\" decoding=\"async\" class=\" size-full wp-image-419 aligncenter\" src=\"https:\/\/www.camaracg.pb.gov.br\/transparencia\/wp-content\/uploads\/2023\/10\/2020lic.png\" alt=\"licitacoes2020\" width=\"500\" height=\"100\" \/><\/a><\/p>\n<p><a href=\"https:\/\/www.camaracg.pb.gov.br\/transparencia\/licitacoes-2019\" target=\"_blank\" rel=\"noopener noreferrer\"><img loading=\"lazy\" decoding=\"async\" class=\" size-full wp-image-419 aligncenter\" src=\"https:\/\/www.camaracg.pb.gov.br\/transparencia\/wp-content\/uploads\/2023\/10\/2019lic.png\" alt=\"licitacoes2019\" width=\"500\" height=\"100\" \/><\/a><\/p>\n<p><a href=\"https:\/\/www.camaracg.pb.gov.br\/transparencia\/licitacoes-2018\" target=\"_blank\" rel=\"noopener noreferrer\"><img loading=\"lazy\" decoding=\"async\" class=\" size-full wp-image-419 aligncenter\" src=\"https:\/\/www.camaracg.pb.gov.br\/transparencia\/wp-content\/uploads\/2023\/10\/2018lic.png\" alt=\"licitacoes2018\" width=\"500\" height=\"100\" \/><\/a><\/p>\n<p><a href=\"https:\/\/www.camaracg.pb.gov.br\/transparencia\/licitacoes-2017\" target=\"_blank\" rel=\"noopener noreferrer\"><img loading=\"lazy\" decoding=\"async\" class=\" size-full wp-image-419 aligncenter\" src=\"https:\/\/www.camaracg.pb.gov.br\/transparencia\/wp-content\/uploads\/2023\/10\/2017lic.png\" alt=\"licitacoes2017\" width=\"500\" height=\"100\" \/><\/a><\/p>\n<p><a href=\"https:\/\/www.camaracg.pb.gov.br\/transparencia\/licitacoes-2016\" target=\"_blank\" rel=\"noopener noreferrer\"><img loading=\"lazy\" decoding=\"async\" class=\" size-full wp-image-419 aligncenter\" src=\"https:\/\/www.camaracg.pb.gov.br\/transparencia\/wp-content\/uploads\/2023\/10\/2016lic.png\" alt=\"licitacoes2016\" width=\"500\" height=\"100\" \/><\/a><\/p>\n<p><a href=\"https:\/\/www.camaracg.pb.gov.br\/transparencia\/licitacoes-2015\" target=\"_blank\" rel=\"noopener noreferrer\"><img loading=\"lazy\" decoding=\"async\" class=\" size-full wp-image-419 aligncenter\" src=\"https:\/\/www.camaracg.pb.gov.br\/transparencia\/wp-content\/uploads\/2023\/10\/2015lic.png\" alt=\"licitacoes2015\" width=\"500\" height=\"100\" \/><\/a><\/p>\n<p><a href=\"#\" target=\"_blank\" rel=\"noopener noreferrer\"><img loading=\"lazy\" decoding=\"async\" class=\" size-full wp-image-420 aligncenter\" src=\"https:\/\/www.camaracg.pb.gov.br\/transparencia\/wp-content\/uploads\/2023\/10\/2014lic.png\" alt=\"licitacoes2014\" width=\"500\" height=\"100\" \/><\/a><\/p>\n<p><a href=\"https:\/\/www.camaracg.pb.gov.br\/transparencia\/index.php\/licitacoes-2013\" target=\"_blank\" rel=\"noopener noreferrer\"><img loading=\"lazy\" decoding=\"async\" class=\" size-full wp-image-421 aligncenter\" src=\"https:\/\/www.camaracg.pb.gov.br\/transparencia\/wp-content\/uploads\/2023\/10\/2013lic.png\" alt=\"licitacoes2013\" width=\"500\" height=\"100\" \/><\/a><\/p>\n<pre>A C\u00e2mara Municipal de Campina Grande tamb\u00e9m est\u00e1 no Portal da Transpar\u00eancia do Tribunal de Contas do Estado da Para\u00edba (TCE-PB), que disponibiliza, em tempo real, informa\u00e7\u00f5es pormenorizadas sobre a execu\u00e7\u00e3o Or\u00e7ament\u00e1ria e Financeira.<\/pre>\n","protected":false},"excerpt":{"rendered":"<p>A C\u00e2mara Municipal de Campina Grande tamb\u00e9m est\u00e1 no Portal da Transpar\u00eancia do Tribunal de Contas do Estado da Para\u00edba (TCE-PB), que disponibiliza, em tempo real, informa\u00e7\u00f5es pormenorizadas sobre a execu\u00e7\u00e3o Or\u00e7ament\u00e1ria e Financeira.<\/p>\n","protected":false},"author":5,"featured_media":2634,"parent":0,"menu_order":0,"comment_status":"closed","ping_status":"closed","template":"","meta":{"footnotes":""},"class_list":["post-2899","page","type-page","status-publish","has-post-thumbnail","hentry"],"aioseo_notices":[],"_links":{"self":[{"href":"https:\/\/www.camaracg.pb.gov.br\/transparencia\/wp-json\/wp\/v2\/pages\/2899","targetHints":{"allow":["GET"]}}],"collection":[{"href":"https:\/\/www.camaracg.pb.gov.br\/transparencia\/wp-json\/wp\/v2\/pages"}],"about":[{"href":"https:\/\/www.camaracg.pb.gov.br\/transparencia\/wp-json\/wp\/v2\/types\/page"}],"author":[{"embeddable":true,"href":"https:\/\/www.camaracg.pb.gov.br\/transparencia\/wp-json\/wp\/v2\/users\/5"}],"replies":[{"embeddable":true,"href":"https:\/\/www.camaracg.pb.gov.br\/transparencia\/wp-json\/wp\/v2\/comments?post=2899"}],"version-history":[{"count":12,"href":"https:\/\/www.camaracg.pb.gov.br\/transparencia\/wp-json\/wp\/v2\/pages\/2899\/revisions"}],"predecessor-version":[{"id":4478,"href":"https:\/\/www.camaracg.pb.gov.br\/transparencia\/wp-json\/wp\/v2\/pages\/2899\/revisions\/4478"}],"wp:featuredmedia":[{"embeddable":true,"href":"https:\/\/www.camaracg.pb.gov.br\/transparencia\/wp-json\/wp\/v2\/media\/2634"}],"wp:attachment":[{"href":"https:\/\/www.camaracg.pb.gov.br\/transparencia\/wp-json\/wp\/v2\/media?parent=2899"}],"curies":[{"name":"wp","href":"https:\/\/api.w.org\/{rel}","templated":true}]}}