{"id":3240,"date":"2024-05-17T13:35:28","date_gmt":"2024-05-17T16:35:28","guid":{"rendered":"https:\/\/www.camaracg.pb.gov.br\/transparencia\/?page_id=3240"},"modified":"2026-01-20T14:56:01","modified_gmt":"2026-01-20T17:56:01","slug":"viap","status":"publish","type":"page","link":"https:\/\/www.camaracg.pb.gov.br\/transparencia\/viap\/","title":{"rendered":"VIAP"},"content":{"rendered":"<pre>A Verba Indenizat\u00f3ria de Apoio Parlamentar (VIAP) est\u00e1 regulamentada nas Resolu\u00e7\u00f5es: <a href=\"https:\/\/sapl.campinagrande.pb.leg.br\/media\/sapl\/public\/normajuridica\/2024\/10512\/res_017_2024.pdf\">N\u00ba 017\/2024 <\/a>e <a href=\"https:\/\/sapl.campinagrande.pb.leg.br\/media\/sapl\/public\/normajuridica\/2024\/1000037\/res_110_2024.pdf\">N\u00ba 110\/2024<\/a>.<\/pre>\n<p><a href=\"https:\/\/www.camaracg.pb.gov.br\/transparencia\/viap-2026\"><img loading=\"lazy\" decoding=\"async\" class=\" size-full wp-image-202 aligncenter\" src=\"https:\/\/www.camaracg.pb.gov.br\/transparencia\/wp-content\/uploads\/2026\/01\/viap26.png\" alt=\"VIAP\" width=\"500\" height=\"100\" \/><\/a><\/p>\n<p><a href=\"https:\/\/www.camaracg.pb.gov.br\/transparencia\/viap-2025\"><img loading=\"lazy\" decoding=\"async\" class=\" size-full wp-image-202 aligncenter\" src=\"https:\/\/www.camaracg.pb.gov.br\/transparencia\/wp-content\/uploads\/2026\/01\/viap25.png\" alt=\"VIAP\" width=\"500\" height=\"100\" \/><\/a><\/p>\n<p><a href=\"https:\/\/www.camaracg.pb.gov.br\/transparencia\/viap-2024\/\"><img loading=\"lazy\" decoding=\"async\" class=\" size-full wp-image-202 aligncenter\" src=\"https:\/\/www.camaracg.pb.gov.br\/transparencia\/wp-content\/uploads\/2026\/01\/viap24.png\" alt=\"VIAP\" width=\"500\" height=\"100\" \/><\/a><\/p>\n<pre>A C\u00e2mara Municipal de Campina Grande tamb\u00e9m est\u00e1 no Portal da Transpar\u00eancia do Tribunal de Contas do Estado da Para\u00edba (TCE-PB), que disponibiliza, em tempo real, informa\u00e7\u00f5es pormenorizadas sobre a execu\u00e7\u00e3o Or\u00e7ament\u00e1ria e Financeira.<\/pre>\n","protected":false},"excerpt":{"rendered":"<p>A Verba Indenizat\u00f3ria de Apoio Parlamentar (VIAP) est\u00e1 regulamentada nas Resolu\u00e7\u00f5es: N\u00ba 017\/2024 e N\u00ba 110\/2024. A C\u00e2mara Municipal de Campina Grande tamb\u00e9m est\u00e1 no Portal da Transpar\u00eancia do Tribunal de Contas do Estado da Para\u00edba (TCE-PB), que disponibiliza, em &hellip; <a class=\"kt-excerpt-readmore\" href=\"https:\/\/www.camaracg.pb.gov.br\/transparencia\/viap\/\" aria-label=\"VIAP\">leia mais<\/a><\/p>\n","protected":false},"author":5,"featured_media":0,"parent":0,"menu_order":0,"comment_status":"closed","ping_status":"closed","template":"","meta":{"footnotes":""},"class_list":["post-3240","page","type-page","status-publish","hentry"],"aioseo_notices":[],"_links":{"self":[{"href":"https:\/\/www.camaracg.pb.gov.br\/transparencia\/wp-json\/wp\/v2\/pages\/3240","targetHints":{"allow":["GET"]}}],"collection":[{"href":"https:\/\/www.camaracg.pb.gov.br\/transparencia\/wp-json\/wp\/v2\/pages"}],"about":[{"href":"https:\/\/www.camaracg.pb.gov.br\/transparencia\/wp-json\/wp\/v2\/types\/page"}],"author":[{"embeddable":true,"href":"https:\/\/www.camaracg.pb.gov.br\/transparencia\/wp-json\/wp\/v2\/users\/5"}],"replies":[{"embeddable":true,"href":"https:\/\/www.camaracg.pb.gov.br\/transparencia\/wp-json\/wp\/v2\/comments?post=3240"}],"version-history":[{"count":12,"href":"https:\/\/www.camaracg.pb.gov.br\/transparencia\/wp-json\/wp\/v2\/pages\/3240\/revisions"}],"predecessor-version":[{"id":4553,"href":"https:\/\/www.camaracg.pb.gov.br\/transparencia\/wp-json\/wp\/v2\/pages\/3240\/revisions\/4553"}],"wp:attachment":[{"href":"https:\/\/www.camaracg.pb.gov.br\/transparencia\/wp-json\/wp\/v2\/media?parent=3240"}],"curies":[{"name":"wp","href":"https:\/\/api.w.org\/{rel}","templated":true}]}}